{"id":1722,"date":"2025-11-01T18:39:44","date_gmt":"2025-11-01T18:39:44","guid":{"rendered":"https:\/\/paukert.ch\/new\/?page_id=1722"},"modified":"2026-03-19T14:21:58","modified_gmt":"2026-03-19T14:21:58","slug":"reisen","status":"publish","type":"page","link":"https:\/\/paukert.ch\/new\/reisen\/","title":{"rendered":"Reisen"},"content":{"rendered":"\n<p>Jede Reise \u00f6ffnet mir ein neues Fenster zur Welt. Sie bringt Begegnungen mit Menschen, die ich sonst nie kennengelernt h\u00e4tte, und schenkt mir Eindr\u00fccke, die nachwirken. Schritt f\u00fcr Schritt erweitert sich mein Blick \u2013 nicht nur auf ferne Orte, sondern auf das Leben selbst.<\/p>\n\n\n\n<p>Ob ich durch Gassen historischer St\u00e4dte streife, mich von den Aromen der lokalen K\u00fcche \u00fcberraschen lasse oder in fremde Kulturen eintauche \u2013 jede Erfahrung erz\u00e4hlt ihre Geschichte. Es sind diese kleinen und grossen Momente, die meine Neugier n\u00e4hren und meine Liebe zum Reisen immer weiterwachsen lassen.<\/p>\n\n\n\n<p>Jede Reise ist mehr als nur ein Ortswechsel: Sie wird zu einer pers\u00f6nlichen Entdeckung, die mich pr\u00e4gt, inspiriert und immer wieder aufs Neue bereichert.<\/p>\n\n\n\n<p><\/p>\n","protected":false},"excerpt":{"rendered":"<p>Jede Reise \u00f6ffnet mir ein neues Fenster zur Welt. Sie bringt Begegnungen mit Menschen, die ich sonst nie kennengelernt h\u00e4tte, und schenkt mir Eindr\u00fccke, die nachwirken. Schritt f\u00fcr Schritt erweitert sich mein Blick \u2013 nicht nur auf ferne Orte, sondern auf das Leben selbst. Ob ich durch Gassen historischer St\u00e4dte streife, mich von den Aromen&#8230;<\/p>\n","protected":false},"author":1,"featured_media":2209,"parent":0,"menu_order":0,"comment_status":"closed","ping_status":"closed","template":"","meta":{"_kadence_starter_templates_imported_post":false,"_kad_post_transparent":"","_kad_post_title":"","_kad_post_layout":"right","_kad_post_sidebar_id":"sk694_512mwt","_kad_post_content_style":"boxed","_kad_post_vertical_padding":"","_kad_post_feature":"show","_kad_post_feature_position":"above","_kad_post_header":false,"_kad_post_footer":false,"_kad_post_classname":"","footnotes":""},"class_list":["post-1722","page","type-page","status-publish","has-post-thumbnail","hentry"],"_links":{"self":[{"href":"https:\/\/paukert.ch\/new\/wp-json\/wp\/v2\/pages\/1722","targetHints":{"allow":["GET"]}}],"collection":[{"href":"https:\/\/paukert.ch\/new\/wp-json\/wp\/v2\/pages"}],"about":[{"href":"https:\/\/paukert.ch\/new\/wp-json\/wp\/v2\/types\/page"}],"author":[{"embeddable":true,"href":"https:\/\/paukert.ch\/new\/wp-json\/wp\/v2\/users\/1"}],"replies":[{"embeddable":true,"href":"https:\/\/paukert.ch\/new\/wp-json\/wp\/v2\/comments?post=1722"}],"version-history":[{"count":14,"href":"https:\/\/paukert.ch\/new\/wp-json\/wp\/v2\/pages\/1722\/revisions"}],"predecessor-version":[{"id":2782,"href":"https:\/\/paukert.ch\/new\/wp-json\/wp\/v2\/pages\/1722\/revisions\/2782"}],"wp:featuredmedia":[{"embeddable":true,"href":"https:\/\/paukert.ch\/new\/wp-json\/wp\/v2\/media\/2209"}],"wp:attachment":[{"href":"https:\/\/paukert.ch\/new\/wp-json\/wp\/v2\/media?parent=1722"}],"curies":[{"name":"wp","href":"https:\/\/api.w.org\/{rel}","templated":true}]}}